{"id":202,"date":"2023-08-14T14:16:21","date_gmt":"2023-08-14T12:16:21","guid":{"rendered":"http:\/\/localhost:8888\/davidikonomou\/?page_id=202"},"modified":"2023-08-31T14:58:47","modified_gmt":"2023-08-31T12:58:47","slug":"musik","status":"publish","type":"page","link":"https:\/\/davidikonomou.de\/en\/musik\/","title":{"rendered":"Musik"},"content":{"rendered":"<p>[et_pb_section fb_built=&#8220;1&#8243; admin_label=&#8220;Header&#8220; _builder_version=&#8220;4.22.0&#8243; _module_preset=&#8220;default&#8220; background_image=&#8220;https:\/\/davidikonomou.de\/wp-content\/uploads\/2023\/08\/music_cut.jpg&#8220; parallax=&#8220;on&#8220; custom_padding=&#8220;35vh||||false|false&#8220; collapsed=&#8220;on&#8220; global_colors_info=&#8220;{}&#8220;][et_pb_row _builder_version=&#8220;4.22.0&#8243; _module_preset=&#8220;default&#8220; background_color=&#8220;rgba(43,63,18,0.52)&#8220; custom_padding=&#8220;||||false|false&#8220; animation_style=&#8220;fade&#8220; animation_duration=&#8220;1500ms&#8220; animation_delay=&#8220;500ms&#8220; global_colors_info=&#8220;{}&#8220;][et_pb_column type=&#8220;4_4&#8243; _builder_version=&#8220;4.20.0&#8243; _module_preset=&#8220;default&#8220; global_colors_info=&#8220;{}&#8220;][et_pb_text _builder_version=&#8220;4.22.1&#8243; _module_preset=&#8220;2d6a9956-8e57-4c40-acf3-f6db1567d25b&#8220; header_font=&#8220;Cormorant Garamond|700||on|||||&#8220; header_text_color=&#8220;#FFFFFF&#8220; header_font_size=&#8220;70px&#8220; header_letter_spacing=&#8220;0.1em&#8220; header_line_height=&#8220;1.4em&#8220; header_4_font=&#8220;Cormorant Garamond|700||on|||||&#8220; header_4_text_color=&#8220;#ffffff&#8220; header_4_font_size=&#8220;70px&#8220; header_4_letter_spacing=&#8220;0.1em&#8220; text_orientation=&#8220;center&#8220; header_font_size_tablet=&#8220;40px&#8220; header_font_size_phone=&#8220;22px&#8220; header_font_size_last_edited=&#8220;on|tablet&#8220; global_colors_info=&#8220;{}&#8220;]<\/p>\n<h1>Meine Musik<\/h1>\n<p>[\/et_pb_text][\/et_pb_column][\/et_pb_row][et_pb_row _builder_version=&#8220;4.21.0&#8243; _module_preset=&#8220;default&#8220; background_enable_color=&#8220;off&#8220; animation_style=&#8220;fade&#8220; animation_duration=&#8220;1500ms&#8220; animation_delay=&#8220;500ms&#8220; global_colors_info=&#8220;{}&#8220;][et_pb_column type=&#8220;4_4&#8243; _builder_version=&#8220;4.20.0&#8243; _module_preset=&#8220;default&#8220; global_colors_info=&#8220;{}&#8220;][et_pb_icon font_icon=&#8220;&#x43;||divi||400&#8243; icon_color=&#8220;#FFFFFF&#8220; icon_width=&#8220;70px&#8220; url=&#8220;#musik&#8220; _builder_version=&#8220;4.22.0&#8243; _module_preset=&#8220;default&#8220; custom_margin=&#8220;9em||0px||false|false&#8220; custom_padding=&#8220;0px||0px||true|false&#8220; global_colors_info=&#8220;{}&#8220;][\/et_pb_icon][\/et_pb_column][\/et_pb_row][\/et_pb_section][et_pb_section fb_built=&#8220;1&#8243; custom_padding_last_edited=&#8220;on|tablet&#8220; admin_label=&#8220;Text Musik&#8220; module_id=&#8220;musik&#8220; _builder_version=&#8220;4.22.1&#8243; _module_preset=&#8220;default&#8220; background_enable_color=&#8220;off&#8220; custom_margin=&#8220;|2em|2em|2em|false|true&#8220; custom_margin_tablet=&#8220;|2em|2em|2em|false|true&#8220; custom_margin_phone=&#8220;|2em|2em|2em|false|true&#8220; custom_margin_last_edited=&#8220;on|tablet&#8220; custom_padding=&#8220;5em||8em||false|false&#8220; custom_padding_tablet=&#8220;2em||2em||true|false&#8220; custom_padding_phone=&#8220;2em||2em||true|false&#8220; collapsed=&#8220;on&#8220; global_colors_info=&#8220;{}&#8220;][et_pb_row custom_padding_last_edited=&#8220;on|phone&#8220; _builder_version=&#8220;4.22.1&#8243; _module_preset=&#8220;default&#8220; width=&#8220;100%&#8220; max_width=&#8220;100%&#8220; custom_padding=&#8220;|5em|0px|5em|false|false&#8220; custom_padding_tablet=&#8220;|5em|0px|5em|false|false&#8220; custom_padding_phone=&#8220;|1em|0px|1em|false|true&#8220; global_colors_info=&#8220;{}&#8220;][et_pb_column type=&#8220;4_4&#8243; _builder_version=&#8220;4.22.0&#8243; _module_preset=&#8220;default&#8220; animation_direction=&#8220;left&#8220; global_colors_info=&#8220;{}&#8220;][et_pb_text _builder_version=&#8220;4.22.1&#8243; _module_preset=&#8220;a5b46e16-1a5a-4ab1-a1bc-957a91a7f254&#8243; text_font=&#8220;Karla|300|||||||&#8220; text_text_color=&#8220;#353535&#8243; text_font_size=&#8220;18px&#8220; global_colors_info=&#8220;{}&#8220;]<\/p>\n<p class=\"p1\">Musik und Klang haben mich schon immer zutiefst fasziniert.<span class=\"Apple-converted-space\">\u00a0<\/span>Da ich aus einer Familie mit klassischem Musikhintergrund stamme, hat es eine Weile gedauert, bis ich meinen eigenen musikalischen Weg jenseits traditioneller \u00c4sthetik und Dogmen gefunden habe.<span class=\"Apple-converted-space\">\u00a0<\/span><\/p>\n<p class=\"p1\">Als Kind nahm ich Klavierunterricht und lernte als Jugendlicher klassische Gitarre. Nach meinem Schulabschluss habe ich 5 Jahre lang Musikwissenschaft an der Universit\u00e4t zu K\u00f6ln studiert. (M.A.)<\/p>\n<p class=\"p1\">Seit fr\u00fchem Erwachsenenalter war ich Teil verschiedener Musikprojekte in Deutschland und Griechenland. Mein Hauptinteresse an Musik ist ihre transformierende Kraft. Ich sch\u00e4tze Musik vor allem als Werkzeug f\u00fcr den pers\u00f6nlichen, einzigartigen Ausdruck und die transpersonale Verbindung zu einem kollektiven Feld oder der universellen Quelle. Mein musikalischer Ausdruck und mein Raumhalten dienen immer diesem Ziel: der Ann\u00e4herung an unsere nat\u00fcrliche Essenz, an unser wahres Selbst, und die Beseitigung der Blockaden, denen wir auf dem Weg begegnen.<\/p>\n<p class=\"p1\">Ich leite Singkreise und Stimmreisen bzw. -Workshops, die ich als kraftvolle Transformationsr\u00e4ume erlebe. Dabei verwende ich eine Vielzahl von Ans\u00e4tzen, von rohem Klang jenseits oder vor der Musik bis hin zu Melodien und Mantras mit unterschiedlichem Hintergrund.<\/p>\n<p class=\"p1\">Ich biete au\u00dferdem Klangreisen (einzeln und in Gruppen) mit Didgeridoo und anderen Instrumenten an, die dabei helfen, Bewusstseinszust\u00e4nde zu ver\u00e4ndern.<\/p>\n<p class=\"p1\">Ich trete in R\u00e4umen und Kontexten auf, die im Einklang mit meiner Arbeit und meinen Werten stehen.<\/p>\n<p>[\/et_pb_text][\/et_pb_column][\/et_pb_row][\/et_pb_section][et_pb_section fb_built=&#8220;1&#8243; admin_label=&#8220;Meine Ver\u00f6ffentlichungen&#8220; module_id=&#8220;musik&#8220; _builder_version=&#8220;4.22.1&#8243; _module_preset=&#8220;default&#8220; background_color=&#8220;#eae7b1&#8243; custom_margin=&#8220;|2em|2em|2em|false|true&#8220; custom_padding=&#8220;2em||5em||false|false&#8220; collapsed=&#8220;on&#8220; global_colors_info=&#8220;{}&#8220;][et_pb_row custom_padding_last_edited=&#8220;on|phone&#8220; _builder_version=&#8220;4.22.1&#8243; _module_preset=&#8220;default&#8220; width=&#8220;100%&#8220; max_width=&#8220;100%&#8220; custom_padding=&#8220;|5em|0px|5em|false|false&#8220; custom_padding_tablet=&#8220;|5em|0px|5em|false|false&#8220; custom_padding_phone=&#8220;|1em|0px|1em|false|true&#8220; global_colors_info=&#8220;{}&#8220;][et_pb_column type=&#8220;4_4&#8243; _builder_version=&#8220;4.22.0&#8243; _module_preset=&#8220;default&#8220; animation_direction=&#8220;left&#8220; global_colors_info=&#8220;{}&#8220;][et_pb_text _builder_version=&#8220;4.22.1&#8243; _module_preset=&#8220;2a7db551-1432-45db-903b-3583f0f1b067&#8243; header_2_font=&#8220;Karla|300|||||||&#8220; header_2_text_color=&#8220;#353535&#8243; header_2_font_size=&#8220;25px&#8220; header_2_letter_spacing=&#8220;0em&#8220; header_2_line_height=&#8220;1em&#8220; header_3_font=&#8220;Karla|300|||||||&#8220; header_3_text_color=&#8220;#353535&#8243; header_3_font_size=&#8220;25px&#8220; global_colors_info=&#8220;{}&#8220;]<\/p>\n<h2 style=\"text-align: left;\">Meine Ver\u00f6ffentlichungen:<\/h2>\n<p>[\/et_pb_text][\/et_pb_column][\/et_pb_row][et_pb_row column_structure=&#8220;1_2,1_2&#8243; custom_padding_last_edited=&#8220;on|phone&#8220; _builder_version=&#8220;4.22.1&#8243; _module_preset=&#8220;default&#8220; width=&#8220;100%&#8220; max_width=&#8220;100%&#8220; custom_padding=&#8220;|5em|0px|5em|false|false&#8220; custom_padding_tablet=&#8220;|5em|0px|5em|false|false&#8220; custom_padding_phone=&#8220;|1em|0px|1em|false|true&#8220; global_colors_info=&#8220;{}&#8220;][et_pb_column type=&#8220;1_2&#8243; _builder_version=&#8220;4.22.1&#8243; _module_preset=&#8220;default&#8220; custom_padding=&#8220;2em|2em|2em|2em|true|true&#8220; animation_style=&#8220;fade&#8220; animation_direction=&#8220;left&#8220; animation_delay=&#8220;50ms&#8220; custom_css_main_element=&#8220;height:630px;&#8220; border_width_all=&#8220;1px&#8220; global_colors_info=&#8220;{}&#8220; custom_css_main_element_last_edited=&#8220;on|phone&#8220; custom_css_main_element_phone=&#8220;height:auto;&#8220; custom_css_main_element_tablet=&#8220;height:630px;&#8220;][et_pb_text _builder_version=&#8220;4.22.1&#8243; _module_preset=&#8220;2a7db551-1432-45db-903b-3583f0f1b067&#8243; header_2_text_color=&#8220;#353535&#8243; header_2_font_size=&#8220;45px&#8220; header_3_font=&#8220;Cormorant Garamond|600||on|||||&#8220; header_3_text_color=&#8220;#353535&#8243; header_3_font_size=&#8220;25px&#8220; hover_enabled=&#8220;0&#8243; global_colors_info=&#8220;{}&#8220; header_3_font_size_last_edited=&#8220;on|desktop&#8220; sticky_enabled=&#8220;0&#8243; header_3_font_size_tablet=&#8220;25px&#8220; header_3_font_size_phone=&#8220;25px&#8220;]<\/p>\n<h3 style=\"text-align: left;\">A drop of your light<\/h3>\n<p>[\/et_pb_text][et_pb_code _builder_version=&#8220;4.21.0&#8243; _module_preset=&#8220;default&#8220; text_orientation=&#8220;center&#8220; global_colors_info=&#8220;{}&#8220;]<iframe style=\"border: 0; width: 100%; height: 120px;\" src=\"https:\/\/bandcamp.com\/EmbeddedPlayer\/album=930009718\/size=large\/bgcol=ffffff\/linkcol=0687f5\/tracklist=false\/artwork=small\/transparent=true\/\" seamless><a href=\"https:\/\/amrit.bandcamp.com\/album\/a-drop-of-your-light\">A drop of your light von Amrit<\/a><\/iframe>[\/et_pb_code][et_pb_text _builder_version=&#8220;4.22.1&#8243; _module_preset=&#8220;2a7db551-1432-45db-903b-3583f0f1b067&#8243; text_font=&#8220;Karla||||||||&#8220; text_font_size=&#8220;18px&#8220; text_line_height=&#8220;1.8em&#8220; header_2_text_color=&#8220;#353535&#8243; header_2_font_size=&#8220;45px&#8220; header_3_font=&#8220;Cormorant Garamond|600||on|||||&#8220; header_3_text_color=&#8220;#353535&#8243; header_3_font_size=&#8220;30px&#8220; hover_enabled=&#8220;0&#8243; global_colors_info=&#8220;{}&#8220; sticky_enabled=&#8220;0&#8243;]<\/p>\n<div class=\"tralbumData tralbum-about\">ver\u00f6ffentlicht am 31. M\u00e4rz 2020<\/div>\n<div class=\"tralbumData tralbum-about\">Intimate &amp; atmospheric tunes by David Ikonomou around Handpan Voice and other soothing instruments<\/div>\n<div class=\"tralbumData tralbum-credits\">Infinite thanks to my brother James Forest for his Piano magic, Christian Koch for coming slowly with me on his Saxophone, Despoina Spanou for her unique Cello flavours, Anna Bardaka for the Cover Photo and Ekaterini Koloiai for generously providing her space and Piano! Much Love and gratitude to you<\/div>\n<p>[\/et_pb_text][\/et_pb_column][et_pb_column type=&#8220;1_2&#8243; _builder_version=&#8220;4.22.1&#8243; _module_preset=&#8220;default&#8220; custom_padding=&#8220;2em|2em|2em|2em|true|true&#8220; animation_style=&#8220;fade&#8220; animation_direction=&#8220;left&#8220; animation_delay=&#8220;100ms&#8220; custom_css_main_element=&#8220;height:630px;&#8220; border_width_all=&#8220;1px&#8220; global_colors_info=&#8220;{}&#8220; custom_css_main_element_last_edited=&#8220;on|phone&#8220; custom_css_main_element_phone=&#8220;height:auto;&#8220; custom_css_main_element_tablet=&#8220;height:630px;&#8220;][et_pb_text _builder_version=&#8220;4.22.1&#8243; _module_preset=&#8220;2a7db551-1432-45db-903b-3583f0f1b067&#8243; header_2_text_color=&#8220;#353535&#8243; header_2_font_size=&#8220;45px&#8220; header_3_font=&#8220;Cormorant Garamond|600||on|||||&#8220; header_3_text_color=&#8220;#353535&#8243; header_3_font_size=&#8220;25px&#8220; global_colors_info=&#8220;{}&#8220; header_3_font_size_last_edited=&#8220;on|desktop&#8220; sticky_enabled=&#8220;0&#8243; header_3_font_size_tablet=&#8220;25px&#8220; header_3_font_size_phone=&#8220;25px&#8220;]<\/p>\n<h3 style=\"text-align: left;\">Amrit<\/h3>\n<p>[\/et_pb_text][et_pb_code _builder_version=&#8220;4.22.0&#8243; _module_preset=&#8220;default&#8220; text_orientation=&#8220;center&#8220; global_colors_info=&#8220;{}&#8220;]<iframe style=\"border: 0; width: 100%; height: 120px;\" src=\"https:\/\/bandcamp.com\/EmbeddedPlayer\/album=1845120292\/size=large\/bgcol=ffffff\/linkcol=0687f5\/tracklist=false\/artwork=small\/transparent=true\/\" seamless><a href=\"https:\/\/amrit.bandcamp.com\/album\/amrit\">Amrit von David Ikonomou, James Forest<\/a><\/iframe>[\/et_pb_code][et_pb_text _builder_version=&#8220;4.22.0&#8243; _module_preset=&#8220;2a7db551-1432-45db-903b-3583f0f1b067&#8243; text_font=&#8220;Karla||||||||&#8220; text_font_size=&#8220;18px&#8220; text_line_height=&#8220;1.8em&#8220; header_2_text_color=&#8220;#353535&#8243; header_2_font_size=&#8220;45px&#8220; header_3_font=&#8220;Cormorant Garamond|600||on|||||&#8220; header_3_text_color=&#8220;#353535&#8243; header_3_font_size=&#8220;30px&#8220; global_colors_info=&#8220;{}&#8220;]<\/p>\n<p style=\"text-align: left;\"><span>ver\u00f6ffentlicht am 31. August 2016<\/span><\/p>\n<p><span>david ikonomou &#8211; voice, guitar<\/span><br \/><span>james forest &#8211; guitar, backing vocals<\/span><br \/><span>evangelos demiropoulos &#8211; ney<\/span><br \/><span>anna nikitiade &#8211; percussion<\/span><br \/><span>despoina spanou &#8211; cello<\/span><br \/><span>anna bardaka &#8211; artwork<\/span><\/p>\n<p><span>all tracks recorded in rhodes, greece in june 2016<\/span><br \/><span>recorded and mixed by james forest<\/span><\/p>\n<p>[\/et_pb_text][\/et_pb_column][\/et_pb_row][et_pb_row column_structure=&#8220;1_2,1_2&#8243; custom_padding_last_edited=&#8220;on|phone&#8220; _builder_version=&#8220;4.22.1&#8243; _module_preset=&#8220;default&#8220; width=&#8220;100%&#8220; max_width=&#8220;100%&#8220; custom_padding=&#8220;|5em|0px|5em|false|false&#8220; custom_padding_tablet=&#8220;|5em|0px|5em|false|false&#8220; custom_padding_phone=&#8220;|1em|0px|1em|false|true&#8220; global_colors_info=&#8220;{}&#8220;][et_pb_column type=&#8220;1_2&#8243; _builder_version=&#8220;4.22.1&#8243; _module_preset=&#8220;default&#8220; custom_padding=&#8220;2em|2em|2em|2em|true|true&#8220; animation_style=&#8220;fade&#8220; animation_direction=&#8220;left&#8220; animation_delay=&#8220;150ms&#8220; custom_css_main_element=&#8220;height:630px;&#8220; border_width_all=&#8220;1px&#8220; global_colors_info=&#8220;{}&#8220; custom_css_main_element_last_edited=&#8220;on|phone&#8220; custom_css_main_element_phone=&#8220;height:auto;&#8220; custom_css_main_element_tablet=&#8220;height:630px;&#8220;][et_pb_text _builder_version=&#8220;4.22.1&#8243; _module_preset=&#8220;2a7db551-1432-45db-903b-3583f0f1b067&#8243; header_2_text_color=&#8220;#353535&#8243; header_2_font_size=&#8220;45px&#8220; header_3_font=&#8220;Cormorant Garamond|600||on|||||&#8220; header_3_text_color=&#8220;#353535&#8243; header_3_font_size=&#8220;25px&#8220; global_colors_info=&#8220;{}&#8220; header_3_font_size_last_edited=&#8220;on|desktop&#8220; sticky_enabled=&#8220;0&#8243; header_3_font_size_tablet=&#8220;25px&#8220; header_3_font_size_phone=&#8220;25px&#8220;]<\/p>\n<h3 style=\"text-align: left;\">Vasudeva<\/h3>\n<p>[\/et_pb_text][et_pb_code _builder_version=&#8220;4.22.0&#8243; _module_preset=&#8220;default&#8220; text_orientation=&#8220;center&#8220; global_colors_info=&#8220;{}&#8220;]<iframe style=\"border: 0; width: 100%; height: 120px;\" src=\"https:\/\/bandcamp.com\/EmbeddedPlayer\/track=3727111361\/size=large\/bgcol=ffffff\/linkcol=0687f5\/tracklist=false\/artwork=small\/transparent=true\/\" seamless><a href=\"https:\/\/amrit.bandcamp.com\/track\/vasudeva\">Vasudeva von David Ikonomou<\/a><\/iframe>[\/et_pb_code][et_pb_text _builder_version=&#8220;4.22.0&#8243; _module_preset=&#8220;2a7db551-1432-45db-903b-3583f0f1b067&#8243; text_font=&#8220;Karla||||||||&#8220; text_font_size=&#8220;18px&#8220; text_line_height=&#8220;1.8em&#8220; header_2_text_color=&#8220;#353535&#8243; header_2_font_size=&#8220;45px&#8220; header_3_font=&#8220;Cormorant Garamond|600||on|||||&#8220; header_3_text_color=&#8220;#353535&#8243; header_3_font_size=&#8220;30px&#8220; global_colors_info=&#8220;{}&#8220;]<\/p>\n<div class=\"tralbumData tralbum-about\"><span>ver\u00f6ffentlicht am 21. Juni 2019<\/span><br \/><span>Handpan &amp; Voice Composition &#8211; David Ikonomou<\/span><br \/><span>Infinite thanks to James Forest (Piano) and Despoina Spanou (Cello) for adding their unique beauty, Ekaterini Koliai for lovingly providing her space, piano &amp; care!!!<\/span><br \/><span>It&#8217;s a great joy to sail on this friend-ship together \ud83d\ude42<\/span><\/div>\n<p>[\/et_pb_text][\/et_pb_column][et_pb_column type=&#8220;1_2&#8243; _builder_version=&#8220;4.22.1&#8243; _module_preset=&#8220;default&#8220; animation_style=&#8220;slide&#8220; animation_direction=&#8220;left&#8220; animation_duration=&#8220;1500ms&#8220; animation_delay=&#8220;100ms&#8220; global_colors_info=&#8220;{}&#8220; custom_css_main_element_last_edited=&#8220;on|phone&#8220;][\/et_pb_column][\/et_pb_row][\/et_pb_section][et_pb_section fb_built=&#8220;1&#8243; admin_label=&#8220;Meine Videos&#8220; module_id=&#8220;musik&#8220; _builder_version=&#8220;4.22.1&#8243; _module_preset=&#8220;default&#8220; background_color=&#8220;#61876e&#8220; custom_margin=&#8220;|2em|2em|2em|false|true&#8220; custom_padding=&#8220;2em||5em||false|false&#8220; collapsed=&#8220;on&#8220; global_colors_info=&#8220;{}&#8220;][et_pb_row custom_padding_last_edited=&#8220;on|phone&#8220; _builder_version=&#8220;4.22.1&#8243; _module_preset=&#8220;default&#8220; width=&#8220;100%&#8220; max_width=&#8220;100%&#8220; custom_padding=&#8220;|5em|0px|5em|false|false&#8220; custom_padding_tablet=&#8220;|5em|0px|5em|false|false&#8220; custom_padding_phone=&#8220;|5em|0px|1em|false|false&#8220; global_colors_info=&#8220;{}&#8220;][et_pb_column type=&#8220;4_4&#8243; _builder_version=&#8220;4.22.0&#8243; _module_preset=&#8220;default&#8220; animation_direction=&#8220;left&#8220; global_colors_info=&#8220;{}&#8220;][et_pb_text _builder_version=&#8220;4.22.1&#8243; _module_preset=&#8220;2a7db551-1432-45db-903b-3583f0f1b067&#8243; header_2_font=&#8220;Karla|300|||||||&#8220; header_2_text_color=&#8220;#FFFFFF&#8220; header_2_font_size=&#8220;25px&#8220; header_2_letter_spacing=&#8220;0em&#8220; header_2_line_height=&#8220;1em&#8220; header_3_font=&#8220;Karla|300|||||||&#8220; header_3_text_color=&#8220;#353535&#8243; header_3_font_size=&#8220;25px&#8220; global_colors_info=&#8220;{}&#8220;]<\/p>\n<h2 style=\"text-align: left;\">Meine Videos:<\/h2>\n<p>[\/et_pb_text][\/et_pb_column][\/et_pb_row][et_pb_row column_structure=&#8220;1_2,1_2&#8243; custom_padding_last_edited=&#8220;on|phone&#8220; admin_label=&#8220;Zeile&#8220; _builder_version=&#8220;4.22.1&#8243; _module_preset=&#8220;default&#8220; width=&#8220;100%&#8220; max_width=&#8220;100%&#8220; custom_padding=&#8220;|5em|0px|5em|false|false&#8220; custom_padding_tablet=&#8220;|5em|0px|5em|false|false&#8220; custom_padding_phone=&#8220;|1em|0px|1em|false|true&#8220; global_colors_info=&#8220;{}&#8220;][et_pb_column type=&#8220;1_2&#8243; _builder_version=&#8220;4.22.1&#8243; _module_preset=&#8220;default&#8220; custom_padding=&#8220;2em|2em|2em|2em|true|true&#8220; animation_style=&#8220;fade&#8220; animation_direction=&#8220;left&#8220; animation_delay=&#8220;50ms&#8220; custom_css_main_element=&#8220;height:auto;&#8220; border_width_all=&#8220;1px&#8220; border_color_all=&#8220;#FFFFFF&#8220; global_colors_info=&#8220;{}&#8220; custom_css_main_element_last_edited=&#8220;on|tablet&#8220; custom_css_main_element_phone=&#8220;height:auto;&#8220; custom_css_main_element_tablet=&#8220;height:auto;&#8220;][et_pb_video src=&#8220;https:\/\/youtube.com\/watch?v=m3SzitpUxpc&#038;si=lN4jIcoAg9sJx1KN&#8220; _builder_version=&#8220;4.22.1&#8243; _module_preset=&#8220;default&#8220; global_colors_info=&#8220;{}&#8220;][\/et_pb_video][\/et_pb_column][et_pb_column type=&#8220;1_2&#8243; _builder_version=&#8220;4.22.1&#8243; _module_preset=&#8220;default&#8220; custom_padding=&#8220;2em|2em|2em|2em|true|true&#8220; animation_style=&#8220;fade&#8220; animation_direction=&#8220;left&#8220; animation_delay=&#8220;50ms&#8220; custom_css_main_element=&#8220;height:auto;&#8220; border_width_all=&#8220;1px&#8220; border_color_all=&#8220;#FFFFFF&#8220; global_colors_info=&#8220;{}&#8220; custom_css_main_element_last_edited=&#8220;on|tablet&#8220; custom_css_main_element_phone=&#8220;height:auto;&#8220; custom_css_main_element_tablet=&#8220;height:auto;&#8220;][et_pb_video src=&#8220;https:\/\/youtube.com\/watch?v=ntbqMXLSJpg&#038;si=Jl6ZZItASM0FQR5E&#8220; _builder_version=&#8220;4.22.1&#8243; _module_preset=&#8220;default&#8220; global_colors_info=&#8220;{}&#8220;][\/et_pb_video][\/et_pb_column][\/et_pb_row][et_pb_row column_structure=&#8220;1_2,1_2&#8243; custom_padding_last_edited=&#8220;on|phone&#8220; _builder_version=&#8220;4.22.1&#8243; _module_preset=&#8220;default&#8220; width=&#8220;100%&#8220; max_width=&#8220;100%&#8220; custom_padding=&#8220;|5em|0px|5em|false|false&#8220; custom_padding_tablet=&#8220;|5em|0px|5em|false|false&#8220; custom_padding_phone=&#8220;|1em|0px|1em|false|true&#8220; global_colors_info=&#8220;{}&#8220;][et_pb_column type=&#8220;1_2&#8243; _builder_version=&#8220;4.22.1&#8243; _module_preset=&#8220;default&#8220; custom_padding=&#8220;2em|2em|2em|2em|true|true&#8220; animation_style=&#8220;fade&#8220; animation_direction=&#8220;left&#8220; animation_delay=&#8220;50ms&#8220; custom_css_main_element=&#8220;height:auto;&#8220; border_width_all=&#8220;1px&#8220; border_color_all=&#8220;#FFFFFF&#8220; global_colors_info=&#8220;{}&#8220; custom_css_main_element_last_edited=&#8220;on|phone&#8220; custom_css_main_element_phone=&#8220;height:auto;&#8220; custom_css_main_element_tablet=&#8220;height:auto;&#8220;][et_pb_video src=&#8220;https:\/\/youtube.com\/watch?v=rzvDeKFLT5w&#038;si=mR_sZlrOVttuJVyp&#8220; _builder_version=&#8220;4.22.1&#8243; _module_preset=&#8220;default&#8220; global_colors_info=&#8220;{}&#8220;][\/et_pb_video][\/et_pb_column][et_pb_column type=&#8220;1_2&#8243; _builder_version=&#8220;4.22.1&#8243; _module_preset=&#8220;default&#8220; custom_padding=&#8220;2em|2em|2em|2em|true|true&#8220; animation_style=&#8220;fade&#8220; animation_direction=&#8220;left&#8220; animation_delay=&#8220;50ms&#8220; custom_css_main_element=&#8220;height:auto;&#8220; border_color_all=&#8220;#FFFFFF&#8220; global_colors_info=&#8220;{}&#8220; custom_css_main_element_last_edited=&#8220;on|phone&#8220; custom_css_main_element_phone=&#8220;height:auto;&#8220; custom_css_main_element_tablet=&#8220;height:auto;&#8220;][\/et_pb_column][\/et_pb_row][\/et_pb_section]<\/p>","protected":false},"excerpt":{"rendered":"<p>Meine MusikMusik und Klang haben mich schon immer zutiefst fasziniert.\u00a0Da ich aus einer Familie mit klassischem Musikhintergrund stamme, hat es eine Weile gedauert, bis ich meinen eigenen musikalischen Weg jenseits traditioneller \u00c4sthetik und Dogmen gefunden habe.\u00a0 Als Kind nahm ich Klavierunterricht und lernte als Jugendlicher klassische Gitarre. Nach meinem Schulabschluss habe ich 5 Jahre lang [&hellip;]<\/p>","protected":false},"author":1,"featured_media":0,"parent":0,"menu_order":0,"comment_status":"closed","ping_status":"closed","template":"","meta":{"_et_pb_use_builder":"on","_et_pb_old_content":"","_et_gb_content_width":"","footnotes":""},"_links":{"self":[{"href":"https:\/\/davidikonomou.de\/en\/wp-json\/wp\/v2\/pages\/202"}],"collection":[{"href":"https:\/\/davidikonomou.de\/en\/wp-json\/wp\/v2\/pages"}],"about":[{"href":"https:\/\/davidikonomou.de\/en\/wp-json\/wp\/v2\/types\/page"}],"author":[{"embeddable":true,"href":"https:\/\/davidikonomou.de\/en\/wp-json\/wp\/v2\/users\/1"}],"replies":[{"embeddable":true,"href":"https:\/\/davidikonomou.de\/en\/wp-json\/wp\/v2\/comments?post=202"}],"version-history":[{"count":30,"href":"https:\/\/davidikonomou.de\/en\/wp-json\/wp\/v2\/pages\/202\/revisions"}],"predecessor-version":[{"id":405,"href":"https:\/\/davidikonomou.de\/en\/wp-json\/wp\/v2\/pages\/202\/revisions\/405"}],"wp:attachment":[{"href":"https:\/\/davidikonomou.de\/en\/wp-json\/wp\/v2\/media?parent=202"}],"curies":[{"name":"wp","href":"https:\/\/api.w.org\/{rel}","templated":true}]}}